{"id":3255,"date":"2019-06-05T17:01:34","date_gmt":"2019-06-05T17:01:34","guid":{"rendered":"http:\/\/goldblattusa.com\/?page_id=3255"},"modified":"2019-06-05T17:03:33","modified_gmt":"2019-06-05T17:03:33","slug":"trades","status":"publish","type":"page","link":"https:\/\/goldblattusa.com\/es\/trades\/","title":{"rendered":"Servicio"},"content":{"rendered":"\n<h2 class=\"wp-block-heading\">Nuestra vocaci\u00f3n<\/h2>\n\n\n\n<p>Por m\u00e1s de 130 a\u00f1os la piedra angular de la marca Goldblatt ha sido el fuerte compromiso con la calidad, la innovaci\u00f3n y la satisfacci\u00f3n del cliente, haciendo inigualable la elecci\u00f3n para cualquier tipo de trabajo como alba\u00f1iler\u00eda, cemento, azulejo o tablaroca. Con una de nuestras herramientas en la mano, le garantizamos resultados profesionales en todo momento. Henry Goldblatt nuestro fundador, estar\u00eda sumamente satisfecho. <\/p>\n","protected":false},"excerpt":{"rendered":"<p>Nuestra vocaci\u00f3n Por m\u00e1s de 130 a\u00f1os la piedra angular de la marca Goldblatt ha sido el fuerte compromiso con la calidad, la innovaci\u00f3n y la satisfacci\u00f3n del cliente, haciendo inigualable la elecci\u00f3n para cualquier tipo de trabajo como alba\u00f1iler\u00eda, cemento, azulejo o tablaroca. Con una de nuestras herramientas en la mano, le garantizamos resultados [&hellip;]<\/p>\n","protected":false},"author":1,"featured_media":0,"parent":0,"menu_order":0,"comment_status":"closed","ping_status":"closed","template":"templates\/template-all-trades.php","meta":{"_acf_changed":false,"footnotes":""},"class_list":["post-3255","page","type-page","status-publish","hentry"],"acf":[],"yoast_head":"<!-- This site is optimized with the Yoast SEO plugin v27.3 - https:\/\/yoast.com\/product\/yoast-seo-wordpress\/ -->\n<title>Servicio - Goldblatt<\/title>\n<meta name=\"robots\" content=\"index, follow, max-snippet:-1, max-image-preview:large, max-video-preview:-1\" \/>\n<link rel=\"canonical\" href=\"https:\/\/goldblattusa.com\/es\/trades\/\" \/>\n<meta property=\"og:locale\" content=\"es_ES\" \/>\n<meta property=\"og:type\" content=\"article\" \/>\n<meta property=\"og:title\" content=\"Servicio - Goldblatt\" \/>\n<meta property=\"og:description\" content=\"Nuestra vocaci\u00f3n Por m\u00e1s de 130 a\u00f1os la piedra angular de la marca Goldblatt ha sido el fuerte compromiso con la calidad, la innovaci\u00f3n y la satisfacci\u00f3n del cliente, haciendo inigualable la elecci\u00f3n para cualquier tipo de trabajo como alba\u00f1iler\u00eda, cemento, azulejo o tablaroca. Con una de nuestras herramientas en la mano, le garantizamos resultados [&hellip;]\" \/>\n<meta property=\"og:url\" content=\"https:\/\/goldblattusa.com\/es\/trades\/\" \/>\n<meta property=\"og:site_name\" content=\"Goldblatt\" \/>\n<meta property=\"article:publisher\" content=\"https:\/\/www.facebook.com\/goldblattusa\/\" \/>\n<meta property=\"article:modified_time\" content=\"2019-06-05T17:03:33+00:00\" \/>\n<meta property=\"og:image\" content=\"https:\/\/goldblattusa.com\/wp-content\/uploads\/OG-image.jpg\" \/>\n\t<meta property=\"og:image:width\" content=\"1200\" \/>\n\t<meta property=\"og:image:height\" content=\"630\" \/>\n\t<meta property=\"og:image:type\" content=\"image\/jpeg\" \/>\n<meta name=\"twitter:card\" content=\"summary_large_image\" \/>\n<script type=\"application\/ld+json\" class=\"yoast-schema-graph\">{\"@context\":\"https:\\\/\\\/schema.org\",\"@graph\":[{\"@type\":\"WebPage\",\"@id\":\"https:\\\/\\\/goldblattusa.com\\\/es\\\/trades\\\/\",\"url\":\"https:\\\/\\\/goldblattusa.com\\\/es\\\/trades\\\/\",\"name\":\"Servicio - Goldblatt\",\"isPartOf\":{\"@id\":\"https:\\\/\\\/goldblattusa.com\\\/#website\"},\"datePublished\":\"2019-06-05T17:01:34+00:00\",\"dateModified\":\"2019-06-05T17:03:33+00:00\",\"breadcrumb\":{\"@id\":\"https:\\\/\\\/goldblattusa.com\\\/es\\\/trades\\\/#breadcrumb\"},\"inLanguage\":\"es\",\"potentialAction\":[{\"@type\":\"ReadAction\",\"target\":[\"https:\\\/\\\/goldblattusa.com\\\/es\\\/trades\\\/\"]}]},{\"@type\":\"BreadcrumbList\",\"@id\":\"https:\\\/\\\/goldblattusa.com\\\/es\\\/trades\\\/#breadcrumb\",\"itemListElement\":[{\"@type\":\"ListItem\",\"position\":1,\"name\":\"Home\",\"item\":\"https:\\\/\\\/goldblattusa.com\\\/es\\\/\"},{\"@type\":\"ListItem\",\"position\":2,\"name\":\"Servicio\"}]},{\"@type\":\"WebSite\",\"@id\":\"https:\\\/\\\/goldblattusa.com\\\/#website\",\"url\":\"https:\\\/\\\/goldblattusa.com\\\/\",\"name\":\"Goldblatt\",\"description\":\"Built to Build\",\"potentialAction\":[{\"@type\":\"SearchAction\",\"target\":{\"@type\":\"EntryPoint\",\"urlTemplate\":\"https:\\\/\\\/goldblattusa.com\\\/?s={search_term_string}\"},\"query-input\":{\"@type\":\"PropertyValueSpecification\",\"valueRequired\":true,\"valueName\":\"search_term_string\"}}],\"inLanguage\":\"es\"}]}<\/script>\n<!-- \/ Yoast SEO plugin. -->","yoast_head_json":{"title":"Servicio - Goldblatt","robots":{"index":"index","follow":"follow","max-snippet":"max-snippet:-1","max-image-preview":"max-image-preview:large","max-video-preview":"max-video-preview:-1"},"canonical":"https:\/\/goldblattusa.com\/es\/trades\/","og_locale":"es_ES","og_type":"article","og_title":"Servicio - Goldblatt","og_description":"Nuestra vocaci\u00f3n Por m\u00e1s de 130 a\u00f1os la piedra angular de la marca Goldblatt ha sido el fuerte compromiso con la calidad, la innovaci\u00f3n y la satisfacci\u00f3n del cliente, haciendo inigualable la elecci\u00f3n para cualquier tipo de trabajo como alba\u00f1iler\u00eda, cemento, azulejo o tablaroca. Con una de nuestras herramientas en la mano, le garantizamos resultados [&hellip;]","og_url":"https:\/\/goldblattusa.com\/es\/trades\/","og_site_name":"Goldblatt","article_publisher":"https:\/\/www.facebook.com\/goldblattusa\/","article_modified_time":"2019-06-05T17:03:33+00:00","og_image":[{"width":1200,"height":630,"url":"https:\/\/goldblattusa.com\/wp-content\/uploads\/OG-image.jpg","type":"image\/jpeg"}],"twitter_card":"summary_large_image","schema":{"@context":"https:\/\/schema.org","@graph":[{"@type":"WebPage","@id":"https:\/\/goldblattusa.com\/es\/trades\/","url":"https:\/\/goldblattusa.com\/es\/trades\/","name":"Servicio - Goldblatt","isPartOf":{"@id":"https:\/\/goldblattusa.com\/#website"},"datePublished":"2019-06-05T17:01:34+00:00","dateModified":"2019-06-05T17:03:33+00:00","breadcrumb":{"@id":"https:\/\/goldblattusa.com\/es\/trades\/#breadcrumb"},"inLanguage":"es","potentialAction":[{"@type":"ReadAction","target":["https:\/\/goldblattusa.com\/es\/trades\/"]}]},{"@type":"BreadcrumbList","@id":"https:\/\/goldblattusa.com\/es\/trades\/#breadcrumb","itemListElement":[{"@type":"ListItem","position":1,"name":"Home","item":"https:\/\/goldblattusa.com\/es\/"},{"@type":"ListItem","position":2,"name":"Servicio"}]},{"@type":"WebSite","@id":"https:\/\/goldblattusa.com\/#website","url":"https:\/\/goldblattusa.com\/","name":"Goldblatt","description":"Built to Build","potentialAction":[{"@type":"SearchAction","target":{"@type":"EntryPoint","urlTemplate":"https:\/\/goldblattusa.com\/?s={search_term_string}"},"query-input":{"@type":"PropertyValueSpecification","valueRequired":true,"valueName":"search_term_string"}}],"inLanguage":"es"}]}},"_links":{"self":[{"href":"https:\/\/goldblattusa.com\/es\/wp-json\/wp\/v2\/pages\/3255","targetHints":{"allow":["GET"]}}],"collection":[{"href":"https:\/\/goldblattusa.com\/es\/wp-json\/wp\/v2\/pages"}],"about":[{"href":"https:\/\/goldblattusa.com\/es\/wp-json\/wp\/v2\/types\/page"}],"author":[{"embeddable":true,"href":"https:\/\/goldblattusa.com\/es\/wp-json\/wp\/v2\/users\/1"}],"replies":[{"embeddable":true,"href":"https:\/\/goldblattusa.com\/es\/wp-json\/wp\/v2\/comments?post=3255"}],"version-history":[{"count":2,"href":"https:\/\/goldblattusa.com\/es\/wp-json\/wp\/v2\/pages\/3255\/revisions"}],"predecessor-version":[{"id":3258,"href":"https:\/\/goldblattusa.com\/es\/wp-json\/wp\/v2\/pages\/3255\/revisions\/3258"}],"wp:attachment":[{"href":"https:\/\/goldblattusa.com\/es\/wp-json\/wp\/v2\/media?parent=3255"}],"curies":[{"name":"wp","href":"https:\/\/api.w.org\/{rel}","templated":true}]}}