{"id":3240,"date":"2019-06-05T15:45:02","date_gmt":"2019-06-05T15:45:02","guid":{"rendered":"http:\/\/goldblattusa.com\/?page_id=3240"},"modified":"2019-06-14T13:12:38","modified_gmt":"2019-06-14T13:12:38","slug":"la-garantia-goldblatt","status":"publish","type":"page","link":"https:\/\/goldblattusa.com\/es\/la-garantia-goldblatt\/","title":{"rendered":"La Garant\u00eda Goldblatt"},"content":{"rendered":"\n<p>Cuando Henry Goldblatt fund\u00f3 la compa\u00f1\u00eda\nen 1885 se asegur\u00f3 de que todos y cada uno de sus clientes estuvieran\nsatisfechos. El respaldar nuestros productos, orgullosamente preservaremos viva\nesa tradici\u00f3n. Nuestra Garant\u00eda es vital, ilimitada y sin restricciones.<\/p>\n\n\n\n<p>Confiamos en que apreciar\u00e1 realizar su &nbsp;trabajo con su nueva herramienta manual Goldblatt. Si \u00e9sta no le proporciona los resultados profesionales esperados, simplemente nos la regresa y se la reemplazaremos o le devolveremos completamente su dinero. <\/p>\n\n\n\n<hr class=\"wp-block-separator\"\/>\n\n\n\n<p>Sin preguntas. Sin molestias. As\u00ed es como\nfunciona:<\/p>\n\n\n\n<ol class=\"wp-block-list\"><li>Compre una herramienta manual Goldblatt.<\/li><li> Conserve el recibo de la compra original. <\/li><li><a href=\"https:\/\/goldblattusa.com\/es\/contacto\/\">Cont\u00e1ctenos&nbsp;<\/a>si la herramienta no cumple con sus expectativas.<\/li><\/ol>\n\n\n\n<p><\/p>\n","protected":false},"excerpt":{"rendered":"<p>Cuando Henry Goldblatt fund\u00f3 la compa\u00f1\u00eda en 1885 se asegur\u00f3 de que todos y cada uno de sus clientes estuvieran satisfechos. El respaldar nuestros productos, orgullosamente preservaremos viva esa tradici\u00f3n. Nuestra Garant\u00eda es vital, ilimitada y sin restricciones. Confiamos en que apreciar\u00e1 realizar su &nbsp;trabajo con su nueva herramienta manual Goldblatt. Si \u00e9sta no le [&hellip;]<\/p>\n","protected":false},"author":1,"featured_media":0,"parent":0,"menu_order":0,"comment_status":"closed","ping_status":"closed","template":"templates\/template-goldblatt-guarantee.php","meta":{"_acf_changed":false,"footnotes":""},"class_list":["post-3240","page","type-page","status-publish","hentry"],"acf":[],"yoast_head":"<!-- This site is optimized with the Yoast SEO plugin v27.3 - https:\/\/yoast.com\/product\/yoast-seo-wordpress\/ -->\n<title>La Garant\u00eda Goldblatt - Goldblatt<\/title>\n<meta name=\"robots\" content=\"index, follow, max-snippet:-1, max-image-preview:large, max-video-preview:-1\" \/>\n<link rel=\"canonical\" href=\"https:\/\/goldblattusa.com\/es\/la-garantia-goldblatt\/\" \/>\n<meta property=\"og:locale\" content=\"es_ES\" \/>\n<meta property=\"og:type\" content=\"article\" \/>\n<meta property=\"og:title\" content=\"La Garant\u00eda Goldblatt - Goldblatt\" \/>\n<meta property=\"og:description\" content=\"Cuando Henry Goldblatt fund\u00f3 la compa\u00f1\u00eda en 1885 se asegur\u00f3 de que todos y cada uno de sus clientes estuvieran satisfechos. El respaldar nuestros productos, orgullosamente preservaremos viva esa tradici\u00f3n. Nuestra Garant\u00eda es vital, ilimitada y sin restricciones. Confiamos en que apreciar\u00e1 realizar su &nbsp;trabajo con su nueva herramienta manual Goldblatt. Si \u00e9sta no le [&hellip;]\" \/>\n<meta property=\"og:url\" content=\"https:\/\/goldblattusa.com\/es\/la-garantia-goldblatt\/\" \/>\n<meta property=\"og:site_name\" content=\"Goldblatt\" \/>\n<meta property=\"article:publisher\" content=\"https:\/\/www.facebook.com\/goldblattusa\/\" \/>\n<meta property=\"article:modified_time\" content=\"2019-06-14T13:12:38+00:00\" \/>\n<meta property=\"og:image\" content=\"https:\/\/goldblattusa.com\/wp-content\/uploads\/OG-image.jpg\" \/>\n\t<meta property=\"og:image:width\" content=\"1200\" \/>\n\t<meta property=\"og:image:height\" content=\"630\" \/>\n\t<meta property=\"og:image:type\" content=\"image\/jpeg\" \/>\n<meta name=\"twitter:card\" content=\"summary_large_image\" \/>\n<meta name=\"twitter:label1\" content=\"Tiempo de lectura\" \/>\n\t<meta name=\"twitter:data1\" content=\"1 minuto\" \/>\n<script type=\"application\/ld+json\" class=\"yoast-schema-graph\">{\"@context\":\"https:\\\/\\\/schema.org\",\"@graph\":[{\"@type\":\"WebPage\",\"@id\":\"https:\\\/\\\/goldblattusa.com\\\/es\\\/la-garantia-goldblatt\\\/\",\"url\":\"https:\\\/\\\/goldblattusa.com\\\/es\\\/la-garantia-goldblatt\\\/\",\"name\":\"La Garant\u00eda Goldblatt - Goldblatt\",\"isPartOf\":{\"@id\":\"https:\\\/\\\/goldblattusa.com\\\/#website\"},\"datePublished\":\"2019-06-05T15:45:02+00:00\",\"dateModified\":\"2019-06-14T13:12:38+00:00\",\"breadcrumb\":{\"@id\":\"https:\\\/\\\/goldblattusa.com\\\/es\\\/la-garantia-goldblatt\\\/#breadcrumb\"},\"inLanguage\":\"es\",\"potentialAction\":[{\"@type\":\"ReadAction\",\"target\":[\"https:\\\/\\\/goldblattusa.com\\\/es\\\/la-garantia-goldblatt\\\/\"]}]},{\"@type\":\"BreadcrumbList\",\"@id\":\"https:\\\/\\\/goldblattusa.com\\\/es\\\/la-garantia-goldblatt\\\/#breadcrumb\",\"itemListElement\":[{\"@type\":\"ListItem\",\"position\":1,\"name\":\"Home\",\"item\":\"https:\\\/\\\/goldblattusa.com\\\/es\\\/\"},{\"@type\":\"ListItem\",\"position\":2,\"name\":\"La Garant\u00eda Goldblatt\"}]},{\"@type\":\"WebSite\",\"@id\":\"https:\\\/\\\/goldblattusa.com\\\/#website\",\"url\":\"https:\\\/\\\/goldblattusa.com\\\/\",\"name\":\"Goldblatt\",\"description\":\"Built to Build\",\"potentialAction\":[{\"@type\":\"SearchAction\",\"target\":{\"@type\":\"EntryPoint\",\"urlTemplate\":\"https:\\\/\\\/goldblattusa.com\\\/?s={search_term_string}\"},\"query-input\":{\"@type\":\"PropertyValueSpecification\",\"valueRequired\":true,\"valueName\":\"search_term_string\"}}],\"inLanguage\":\"es\"}]}<\/script>\n<!-- \/ Yoast SEO plugin. -->","yoast_head_json":{"title":"La Garant\u00eda Goldblatt - Goldblatt","robots":{"index":"index","follow":"follow","max-snippet":"max-snippet:-1","max-image-preview":"max-image-preview:large","max-video-preview":"max-video-preview:-1"},"canonical":"https:\/\/goldblattusa.com\/es\/la-garantia-goldblatt\/","og_locale":"es_ES","og_type":"article","og_title":"La Garant\u00eda Goldblatt - Goldblatt","og_description":"Cuando Henry Goldblatt fund\u00f3 la compa\u00f1\u00eda en 1885 se asegur\u00f3 de que todos y cada uno de sus clientes estuvieran satisfechos. El respaldar nuestros productos, orgullosamente preservaremos viva esa tradici\u00f3n. Nuestra Garant\u00eda es vital, ilimitada y sin restricciones. Confiamos en que apreciar\u00e1 realizar su &nbsp;trabajo con su nueva herramienta manual Goldblatt. Si \u00e9sta no le [&hellip;]","og_url":"https:\/\/goldblattusa.com\/es\/la-garantia-goldblatt\/","og_site_name":"Goldblatt","article_publisher":"https:\/\/www.facebook.com\/goldblattusa\/","article_modified_time":"2019-06-14T13:12:38+00:00","og_image":[{"width":1200,"height":630,"url":"https:\/\/goldblattusa.com\/wp-content\/uploads\/OG-image.jpg","type":"image\/jpeg"}],"twitter_card":"summary_large_image","twitter_misc":{"Tiempo de lectura":"1 minuto"},"schema":{"@context":"https:\/\/schema.org","@graph":[{"@type":"WebPage","@id":"https:\/\/goldblattusa.com\/es\/la-garantia-goldblatt\/","url":"https:\/\/goldblattusa.com\/es\/la-garantia-goldblatt\/","name":"La Garant\u00eda Goldblatt - Goldblatt","isPartOf":{"@id":"https:\/\/goldblattusa.com\/#website"},"datePublished":"2019-06-05T15:45:02+00:00","dateModified":"2019-06-14T13:12:38+00:00","breadcrumb":{"@id":"https:\/\/goldblattusa.com\/es\/la-garantia-goldblatt\/#breadcrumb"},"inLanguage":"es","potentialAction":[{"@type":"ReadAction","target":["https:\/\/goldblattusa.com\/es\/la-garantia-goldblatt\/"]}]},{"@type":"BreadcrumbList","@id":"https:\/\/goldblattusa.com\/es\/la-garantia-goldblatt\/#breadcrumb","itemListElement":[{"@type":"ListItem","position":1,"name":"Home","item":"https:\/\/goldblattusa.com\/es\/"},{"@type":"ListItem","position":2,"name":"La Garant\u00eda Goldblatt"}]},{"@type":"WebSite","@id":"https:\/\/goldblattusa.com\/#website","url":"https:\/\/goldblattusa.com\/","name":"Goldblatt","description":"Built to Build","potentialAction":[{"@type":"SearchAction","target":{"@type":"EntryPoint","urlTemplate":"https:\/\/goldblattusa.com\/?s={search_term_string}"},"query-input":{"@type":"PropertyValueSpecification","valueRequired":true,"valueName":"search_term_string"}}],"inLanguage":"es"}]}},"_links":{"self":[{"href":"https:\/\/goldblattusa.com\/es\/wp-json\/wp\/v2\/pages\/3240","targetHints":{"allow":["GET"]}}],"collection":[{"href":"https:\/\/goldblattusa.com\/es\/wp-json\/wp\/v2\/pages"}],"about":[{"href":"https:\/\/goldblattusa.com\/es\/wp-json\/wp\/v2\/types\/page"}],"author":[{"embeddable":true,"href":"https:\/\/goldblattusa.com\/es\/wp-json\/wp\/v2\/users\/1"}],"replies":[{"embeddable":true,"href":"https:\/\/goldblattusa.com\/es\/wp-json\/wp\/v2\/comments?post=3240"}],"version-history":[{"count":8,"href":"https:\/\/goldblattusa.com\/es\/wp-json\/wp\/v2\/pages\/3240\/revisions"}],"predecessor-version":[{"id":4055,"href":"https:\/\/goldblattusa.com\/es\/wp-json\/wp\/v2\/pages\/3240\/revisions\/4055"}],"wp:attachment":[{"href":"https:\/\/goldblattusa.com\/es\/wp-json\/wp\/v2\/media?parent=3240"}],"curies":[{"name":"wp","href":"https:\/\/api.w.org\/{rel}","templated":true}]}}